{"id":320,"date":"2024-03-08T15:09:16","date_gmt":"2024-03-08T15:09:16","guid":{"rendered":"https:\/\/fabiocartorios.com.br\/?post_type=product&#038;p=320"},"modified":"2024-03-08T15:23:35","modified_gmt":"2024-03-08T15:23:35","slug":"pastas-personalizadas","status":"publish","type":"product","link":"https:\/\/fabiocartorios.com.br\/?product=pastas-personalizadas","title":{"rendered":"Pastas Personalizadas"},"content":{"rendered":"<h3><strong>Pastas Personalizadas para Registro de Im\u00f3veis<\/strong><\/h3>\n<p>Revestimento sint\u00e9tico<br \/>\nNas cores amarelo, azul, verde, vermelho, preto, cinza, bege ou marrom<br \/>\nCom 100, 200 ou sem pl\u00e1sticos.<br \/>\nMedidas: 28 cm x 8 cm x 37 cm (para papel A4 ou of\u00edcio)<br \/>\nImpress\u00e3o em dourado contendo o nome do livro e numera\u00e7\u00e3o com at\u00e9 33 caracteres.<br \/>\nDois parafusos de a\u00e7o inox.<\/p>\n","protected":false},"excerpt":{"rendered":"<p>Impress\u00e3o em dourado contendo o nome do livro e numera\u00e7\u00e3o com at\u00e9 33 caracteres.<br \/>\nDois parafusos de a\u00e7o inox.<br \/>\nSuper resistentes com qualidade superior<br \/>\nRevestimento sint\u00e9tico<br \/>\nNas cores amarelo, azul, verde, vermelho, preto, cinza, bege ou marrom<br \/>\nCom 100, 200 ou sem pl\u00e1sticos.<br \/>\nMedidas: 28cm x 8cm x 37cm (para papel A4 ou of\u00edcio)<\/p>\n","protected":false},"featured_media":376,"template":"","meta":{"_et_pb_use_builder":"","_et_pb_old_content":"","_et_gb_content_width":""},"product_brand":[],"product_cat":[27],"product_tag":[],"class_list":{"0":"post-320","1":"product","2":"type-product","3":"status-publish","4":"has-post-thumbnail","6":"product_cat-registro-de-imoveis","8":"first","9":"instock","10":"shipping-taxable","11":"purchasable","12":"product-type-variable"},"_links":{"self":[{"href":"https:\/\/fabiocartorios.com.br\/index.php?rest_route=\/wp\/v2\/product\/320","targetHints":{"allow":["GET"]}}],"collection":[{"href":"https:\/\/fabiocartorios.com.br\/index.php?rest_route=\/wp\/v2\/product"}],"about":[{"href":"https:\/\/fabiocartorios.com.br\/index.php?rest_route=\/wp\/v2\/types\/product"}],"wp:featuredmedia":[{"embeddable":true,"href":"https:\/\/fabiocartorios.com.br\/index.php?rest_route=\/wp\/v2\/media\/376"}],"wp:attachment":[{"href":"https:\/\/fabiocartorios.com.br\/index.php?rest_route=%2Fwp%2Fv2%2Fmedia&parent=320"}],"wp:term":[{"taxonomy":"product_brand","embeddable":true,"href":"https:\/\/fabiocartorios.com.br\/index.php?rest_route=%2Fwp%2Fv2%2Fproduct_brand&post=320"},{"taxonomy":"product_cat","embeddable":true,"href":"https:\/\/fabiocartorios.com.br\/index.php?rest_route=%2Fwp%2Fv2%2Fproduct_cat&post=320"},{"taxonomy":"product_tag","embeddable":true,"href":"https:\/\/fabiocartorios.com.br\/index.php?rest_route=%2Fwp%2Fv2%2Fproduct_tag&post=320"}],"curies":[{"name":"wp","href":"https:\/\/api.w.org\/{rel}","templated":true}]}}