{"id":235,"date":"2024-03-08T14:31:09","date_gmt":"2024-03-08T14:31:09","guid":{"rendered":"https:\/\/fabiocartorios.com.br\/?post_type=product&#038;p=235"},"modified":"2024-03-15T19:06:52","modified_gmt":"2024-03-15T19:06:52","slug":"capa-de-livro-em-couro-sintetico","status":"publish","type":"product","link":"https:\/\/fabiocartorios.com.br\/?product=capa-de-livro-em-couro-sintetico","title":{"rendered":"Capa de livro em couro sint\u00e9tico"},"content":{"rendered":"<h3><strong>Capa de livro em couro sint\u00e9tico<\/strong><\/h3>\n<p>Capa de livro em couro sint\u00e9tico preto especiais para cart\u00f3rios.<br \/>\nBeleza, organiza\u00e7\u00e3o e grande durabilidade para as suas pastas.<br \/>\nProdutos com acabamento de primeira feitos a m\u00e3o.<br \/>\nRevestidas em couro sint\u00e9tico sem personaliza\u00e7\u00e3o as capas s\u00e3o oferecidas com todas as fura\u00e7\u00f5es para voc\u00ea arquivar os seus documentos (8cm, 11,5cm e 18cm).<br \/>\nDispon\u00edveis somente na cor preta.<\/p>\n","protected":false},"excerpt":{"rendered":"<p>Capas de livro em couro sint\u00e9tico preto, feitas \u00e0 m\u00e3o, especiais para cart\u00f3rios.<br \/>\nGrande durabilidade.<br \/>\nProdutos com acabamento de primeira.<\/p>\n","protected":false},"featured_media":95,"template":"","meta":{"_et_pb_use_builder":"","_et_pb_old_content":"","_et_gb_content_width":""},"product_brand":[],"product_cat":[31,20,27,21],"product_tag":[],"class_list":{"0":"post-235","1":"product","2":"type-product","3":"status-publish","4":"has-post-thumbnail","6":"product_cat-pessoa-juridica","7":"product_cat-registro-civil","8":"product_cat-registro-de-imoveis","9":"product_cat-tabelionato","11":"first","12":"instock","13":"shipping-taxable","14":"purchasable","15":"product-type-variable"},"_links":{"self":[{"href":"https:\/\/fabiocartorios.com.br\/index.php?rest_route=\/wp\/v2\/product\/235","targetHints":{"allow":["GET"]}}],"collection":[{"href":"https:\/\/fabiocartorios.com.br\/index.php?rest_route=\/wp\/v2\/product"}],"about":[{"href":"https:\/\/fabiocartorios.com.br\/index.php?rest_route=\/wp\/v2\/types\/product"}],"wp:featuredmedia":[{"embeddable":true,"href":"https:\/\/fabiocartorios.com.br\/index.php?rest_route=\/wp\/v2\/media\/95"}],"wp:attachment":[{"href":"https:\/\/fabiocartorios.com.br\/index.php?rest_route=%2Fwp%2Fv2%2Fmedia&parent=235"}],"wp:term":[{"taxonomy":"product_brand","embeddable":true,"href":"https:\/\/fabiocartorios.com.br\/index.php?rest_route=%2Fwp%2Fv2%2Fproduct_brand&post=235"},{"taxonomy":"product_cat","embeddable":true,"href":"https:\/\/fabiocartorios.com.br\/index.php?rest_route=%2Fwp%2Fv2%2Fproduct_cat&post=235"},{"taxonomy":"product_tag","embeddable":true,"href":"https:\/\/fabiocartorios.com.br\/index.php?rest_route=%2Fwp%2Fv2%2Fproduct_tag&post=235"}],"curies":[{"name":"wp","href":"https:\/\/api.w.org\/{rel}","templated":true}]}}