{"id":164,"date":"2024-03-05T19:10:59","date_gmt":"2024-03-05T19:10:59","guid":{"rendered":"https:\/\/fabiocartorios.com.br\/?post_type=product&#038;p=164"},"modified":"2024-03-15T18:51:36","modified_gmt":"2024-03-15T18:51:36","slug":"pastas-para-registro-de-imoveis","status":"publish","type":"product","link":"https:\/\/fabiocartorios.com.br\/?product=pastas-para-registro-de-imoveis","title":{"rendered":"Pastas para Registro de Im\u00f3veis"},"content":{"rendered":"<h3><strong>Pastas para Registro de Im\u00f3veis (Fichas de Matr\u00edculas)<br \/>\n<\/strong><\/h3>\n<p>Super resistentes com qualidade superior<br \/>\nRevestidas com tecido marrom queimado<br \/>\nPastas com 205 pl\u00e1sticos grossos<br \/>\nTamanho of\u00edcio 35cm X 26cm<\/p>\n","protected":false},"excerpt":{"rendered":"<p>Super resistentes com qualidade superior<br \/>\nRevestidas com tecido marrom queimado<br \/>\nPastas com 205 pl\u00e1sticos grossos<br \/>\nTamanho of\u00edcio\u00a0 35cm X 26cm<\/p>\n","protected":false},"featured_media":82,"template":"","meta":{"_et_pb_use_builder":"","_et_pb_old_content":"","_et_gb_content_width":""},"product_brand":[],"product_cat":[27],"product_tag":[],"class_list":{"0":"post-164","1":"product","2":"type-product","3":"status-publish","4":"has-post-thumbnail","6":"product_cat-registro-de-imoveis","8":"first","9":"instock","10":"shipping-taxable","11":"purchasable","12":"product-type-variable"},"_links":{"self":[{"href":"https:\/\/fabiocartorios.com.br\/index.php?rest_route=\/wp\/v2\/product\/164","targetHints":{"allow":["GET"]}}],"collection":[{"href":"https:\/\/fabiocartorios.com.br\/index.php?rest_route=\/wp\/v2\/product"}],"about":[{"href":"https:\/\/fabiocartorios.com.br\/index.php?rest_route=\/wp\/v2\/types\/product"}],"wp:featuredmedia":[{"embeddable":true,"href":"https:\/\/fabiocartorios.com.br\/index.php?rest_route=\/wp\/v2\/media\/82"}],"wp:attachment":[{"href":"https:\/\/fabiocartorios.com.br\/index.php?rest_route=%2Fwp%2Fv2%2Fmedia&parent=164"}],"wp:term":[{"taxonomy":"product_brand","embeddable":true,"href":"https:\/\/fabiocartorios.com.br\/index.php?rest_route=%2Fwp%2Fv2%2Fproduct_brand&post=164"},{"taxonomy":"product_cat","embeddable":true,"href":"https:\/\/fabiocartorios.com.br\/index.php?rest_route=%2Fwp%2Fv2%2Fproduct_cat&post=164"},{"taxonomy":"product_tag","embeddable":true,"href":"https:\/\/fabiocartorios.com.br\/index.php?rest_route=%2Fwp%2Fv2%2Fproduct_tag&post=164"}],"curies":[{"name":"wp","href":"https:\/\/api.w.org\/{rel}","templated":true}]}}