{"id":15621,"date":"2024-03-13T20:20:44","date_gmt":"2024-03-13T20:20:44","guid":{"rendered":"https:\/\/fabiocartorios.com.br\/?post_type=product&#038;p=15621"},"modified":"2024-03-13T21:18:55","modified_gmt":"2024-03-13T21:18:55","slug":"capas-sem-personalizacao","status":"publish","type":"product","link":"https:\/\/fabiocartorios.com.br\/?product=capas-sem-personalizacao","title":{"rendered":"Capas Sem Personaliza\u00e7\u00e3o"},"content":{"rendered":"<h3><strong>Capas Sem Personaliza\u00e7\u00e3o <\/strong><\/h3>\n<p>Revestimento sint\u00e9tico<br \/>\nNas cores amarelo, azul, verde, vermelho, preto, cinza, bege ou marrom<br \/>\nCom lombada para 100, 200 ou 300 folhas (n\u00e3o inclu\u00eddas).<br \/>\nTamanhos: 22,5 X 31,5 (para papel A4) ou 23 X 34 (para papel of\u00edcio)<br \/>\nDois parafusos de a\u00e7o inox.<\/p>\n","protected":false},"excerpt":{"rendered":"<p>Revestimento sint\u00e9tico<br \/>\nNas cores amarelo, azul, verde, vermelho, preto, cinza, bege ou marrom<br \/>\nCom lombada para 100, 200 ou 300 folhas (n\u00e3o inclu\u00eddas).<br \/>\nTamanhos: 22,5 X 31,5 (para papel A4) ou 23 X 34 (para papel of\u00edcio)<br \/>\nDois parafusos de a\u00e7o inox.<\/p>\n","protected":false},"featured_media":15683,"template":"","meta":{"_et_pb_use_builder":"","_et_pb_old_content":"","_et_gb_content_width":""},"product_brand":[],"product_cat":[20,21],"product_tag":[],"class_list":{"0":"post-15621","1":"product","2":"type-product","3":"status-publish","4":"has-post-thumbnail","6":"product_cat-registro-civil","7":"product_cat-tabelionato","9":"first","10":"instock","11":"shipping-taxable","12":"purchasable","13":"product-type-variable"},"_links":{"self":[{"href":"https:\/\/fabiocartorios.com.br\/index.php?rest_route=\/wp\/v2\/product\/15621","targetHints":{"allow":["GET"]}}],"collection":[{"href":"https:\/\/fabiocartorios.com.br\/index.php?rest_route=\/wp\/v2\/product"}],"about":[{"href":"https:\/\/fabiocartorios.com.br\/index.php?rest_route=\/wp\/v2\/types\/product"}],"wp:featuredmedia":[{"embeddable":true,"href":"https:\/\/fabiocartorios.com.br\/index.php?rest_route=\/wp\/v2\/media\/15683"}],"wp:attachment":[{"href":"https:\/\/fabiocartorios.com.br\/index.php?rest_route=%2Fwp%2Fv2%2Fmedia&parent=15621"}],"wp:term":[{"taxonomy":"product_brand","embeddable":true,"href":"https:\/\/fabiocartorios.com.br\/index.php?rest_route=%2Fwp%2Fv2%2Fproduct_brand&post=15621"},{"taxonomy":"product_cat","embeddable":true,"href":"https:\/\/fabiocartorios.com.br\/index.php?rest_route=%2Fwp%2Fv2%2Fproduct_cat&post=15621"},{"taxonomy":"product_tag","embeddable":true,"href":"https:\/\/fabiocartorios.com.br\/index.php?rest_route=%2Fwp%2Fv2%2Fproduct_tag&post=15621"}],"curies":[{"name":"wp","href":"https:\/\/api.w.org\/{rel}","templated":true}]}}