{"id":120,"date":"2024-03-04T19:18:49","date_gmt":"2024-03-04T19:18:49","guid":{"rendered":"https:\/\/fabiocartorios.com.br\/?page_id=120"},"modified":"2026-04-24T20:06:51","modified_gmt":"2026-04-24T20:06:51","slug":"solicitar-orcamento","status":"publish","type":"page","link":"https:\/\/fabiocartorios.com.br\/?page_id=120","title":{"rendered":"Solicitar or\u00e7amento"},"content":{"rendered":"<p>[et_pb_section fb_built=&#8221;1&#8243; _builder_version=&#8221;4.24.0&#8243; _module_preset=&#8221;default&#8221; global_colors_info=&#8221;{}&#8221;][et_pb_row _builder_version=&#8221;4.24.0&#8243; _module_preset=&#8221;default&#8221; global_colors_info=&#8221;{}&#8221;][et_pb_column type=&#8221;4_4&#8243; _builder_version=&#8221;4.24.0&#8243; _module_preset=&#8221;default&#8221; global_colors_info=&#8221;{}&#8221;][et_pb_text _builder_version=&#8221;4.24.2&#8243; _module_preset=&#8221;default&#8221; hover_enabled=&#8221;0&#8243; global_colors_info=&#8221;{}&#8221; sticky_enabled=&#8221;0&#8243;]<\/p>\n<h3 style=\"text-align: center;\"><strong>Lista de produtos para or\u00e7amento.<\/strong><\/h3>\n<p>[\/et_pb_text][et_pb_code _builder_version=&#8221;4.24.2&#8243; _module_preset=&#8221;default&#8221; hover_enabled=&#8221;0&#8243; sticky_enabled=&#8221;0&#8243;]\n<div class=\"woocommerce ywraq-wrapper ywraq-empty\">\n\t\t\t<div id=\"yith-ywraq-message\"><div class=\"ywraq-question-message\">\n\t<\/div>\n<\/div>\n\t\t\n\t\t\t\t<div class=\"ywraq-form-table-wrapper wide\">\n\t\t\t<div class=\"ywraq-before-form\">\n\t<p class=\"ywraq_list_empty_message\">Sua lista est\u00e1 vazia, adicione produtos \u00e0 lista para enviar uma solicita\u00e7\u00e3o<p><p class=\"return-to-shop\"><a class=\"button wc-backward\" href=\"https:\/\/fabiocartorios.com.br\/\">Retornar para o site<\/a><\/p><\/div>\n\t\t\t\t\t<\/div>\n\t<\/div>\n[\/et_pb_code][\/et_pb_column][\/et_pb_row][\/et_pb_section]<\/p>\n","protected":false},"excerpt":{"rendered":"<p>Lista de produtos para or\u00e7amento.\n<div class=\"woocommerce ywraq-wrapper ywraq-empty\">\n\t\t\t<div id=\"yith-ywraq-message\"><div class=\"ywraq-question-message\">\n\t<\/div>\n<\/div>\n\t\t\n\t\t\t\t<div class=\"ywraq-form-table-wrapper wide\">\n\t\t\t<div class=\"ywraq-before-form\">\n\t<p class=\"ywraq_list_empty_message\">Sua lista est\u00e1 vazia, adicione produtos \u00e0 lista para enviar uma solicita\u00e7\u00e3o<p><p class=\"return-to-shop\"><a class=\"button wc-backward\" href=\"https:\/\/fabiocartorios.com.br\/\">Retornar para o site<\/a><\/p><\/div>\n\t\t\t\t\t<\/div>\n\t<\/div>\n<\/p>\n","protected":false},"author":1,"featured_media":0,"parent":0,"menu_order":0,"comment_status":"closed","ping_status":"closed","template":"","meta":{"_et_pb_use_builder":"on","_et_pb_old_content":"","_et_gb_content_width":"","footnotes":""},"class_list":["post-120","page","type-page","status-publish","hentry"],"_links":{"self":[{"href":"https:\/\/fabiocartorios.com.br\/index.php?rest_route=\/wp\/v2\/pages\/120","targetHints":{"allow":["GET"]}}],"collection":[{"href":"https:\/\/fabiocartorios.com.br\/index.php?rest_route=\/wp\/v2\/pages"}],"about":[{"href":"https:\/\/fabiocartorios.com.br\/index.php?rest_route=\/wp\/v2\/types\/page"}],"author":[{"embeddable":true,"href":"https:\/\/fabiocartorios.com.br\/index.php?rest_route=\/wp\/v2\/users\/1"}],"replies":[{"embeddable":true,"href":"https:\/\/fabiocartorios.com.br\/index.php?rest_route=%2Fwp%2Fv2%2Fcomments&post=120"}],"version-history":[{"count":5,"href":"https:\/\/fabiocartorios.com.br\/index.php?rest_route=\/wp\/v2\/pages\/120\/revisions"}],"predecessor-version":[{"id":213,"href":"https:\/\/fabiocartorios.com.br\/index.php?rest_route=\/wp\/v2\/pages\/120\/revisions\/213"}],"wp:attachment":[{"href":"https:\/\/fabiocartorios.com.br\/index.php?rest_route=%2Fwp%2Fv2%2Fmedia&parent=120"}],"curies":[{"name":"wp","href":"https:\/\/api.w.org\/{rel}","templated":true}]}}